{"id":5184,"date":"2025-04-15T18:45:07","date_gmt":"2025-04-15T16:45:07","guid":{"rendered":"https:\/\/larbrequipousse.org\/?page_id=5184"},"modified":"2025-05-05T10:18:45","modified_gmt":"2025-05-05T08:18:45","slug":"sa","status":"publish","type":"page","link":"https:\/\/larbrequipousse.org\/en\/sa\/","title":{"rendered":"Saison Culturelle 2025"},"content":{"rendered":"<div data-elementor-type=\"wp-page\" data-elementor-id=\"5184\" class=\"elementor elementor-5184\">\n\t\t\t\t<div class=\"elementor-element elementor-element-8a1546a e-flex e-con-boxed wpr-particle-no wpr-jarallax-no wpr-parallax-no wpr-sticky-section-no e-con e-parent\" data-id=\"8a1546a\" data-element_type=\"container\" data-e-type=\"container\">\n\t\t\t\t\t<div class=\"e-con-inner\">\n\t\t\t\t<div class=\"elementor-element elementor-element-144d34f elementor-hidden-mobile elementor-widget elementor-widget-spacer\" data-id=\"144d34f\" data-element_type=\"widget\" data-e-type=\"widget\" data-widget_type=\"spacer.default\">\n\t\t\t\t<div class=\"elementor-widget-container\">\n\t\t\t\t\t\t\t<div class=\"elementor-spacer\">\n\t\t\t<div class=\"elementor-spacer-inner\"><\/div>\n\t\t<\/div>\n\t\t\t\t\t\t<\/div>\n\t\t\t\t<\/div>\n\t\t\t\t\t<\/div>\n\t\t\t\t<\/div>\n\t\t<div class=\"elementor-element elementor-element-64e4de9 e-con-full e-flex wpr-particle-no wpr-jarallax-no wpr-parallax-no wpr-sticky-section-no e-con e-parent\" data-id=\"64e4de9\" data-element_type=\"container\" data-e-type=\"container\" data-settings=\"{&quot;background_background&quot;:&quot;classic&quot;}\">\n\t\t\t\t<div class=\"elementor-element elementor-element-a753c3e elementor-widget__width-initial elementor-widget elementor-widget-heading\" data-id=\"a753c3e\" data-element_type=\"widget\" data-e-type=\"widget\" data-widget_type=\"heading.default\">\n\t\t\t\t<div class=\"elementor-widget-container\">\n\t\t\t\t\t<h2 class=\"elementor-heading-title elementor-size-default\">Saison Culturelle <br>2025<\/h2>\t\t\t\t<\/div>\n\t\t\t\t<\/div>\n\t\t\t\t<\/div>\n\t\t<div class=\"elementor-element elementor-element-1a07481 e-flex e-con-boxed wpr-particle-no wpr-jarallax-no wpr-parallax-no wpr-sticky-section-no e-con e-parent\" data-id=\"1a07481\" data-element_type=\"container\" data-e-type=\"container\">\n\t\t\t\t\t<div class=\"e-con-inner\">\n\t\t\t\t<div class=\"elementor-element elementor-element-05ed0d5 elementor-widget elementor-widget-spacer\" data-id=\"05ed0d5\" data-element_type=\"widget\" data-e-type=\"widget\" data-widget_type=\"spacer.default\">\n\t\t\t\t<div class=\"elementor-widget-container\">\n\t\t\t\t\t\t\t<div class=\"elementor-spacer\">\n\t\t\t<div class=\"elementor-spacer-inner\"><\/div>\n\t\t<\/div>\n\t\t\t\t\t\t<\/div>\n\t\t\t\t<\/div>\n\t\t\t\t<div class=\"elementor-element elementor-element-680f197 elementor-widget elementor-widget-heading\" data-id=\"680f197\" data-element_type=\"widget\" data-e-type=\"widget\" data-widget_type=\"heading.default\">\n\t\t\t\t<div class=\"elementor-widget-container\">\n\t\t\t\t\t<h3 class=\"elementor-heading-title elementor-size-default\">Saison Culturelle 2025<\/h3>\t\t\t\t<\/div>\n\t\t\t\t<\/div>\n\t\t\t\t\t<\/div>\n\t\t\t\t<\/div>\n\t\t<div class=\"elementor-element elementor-element-4487002 e-flex e-con-boxed wpr-particle-no wpr-jarallax-no wpr-parallax-no wpr-sticky-section-no e-con e-parent\" data-id=\"4487002\" data-element_type=\"container\" data-e-type=\"container\">\n\t\t\t\t\t<div class=\"e-con-inner\">\n\t\t<div class=\"elementor-element elementor-element-3fb5c5b e-con-full e-flex wpr-particle-no wpr-jarallax-no wpr-parallax-no wpr-sticky-section-no e-con e-child\" data-id=\"3fb5c5b\" data-element_type=\"container\" data-e-type=\"container\">\n\t\t<div class=\"elementor-element elementor-element-0ee302b e-con-full e-flex wpr-particle-no wpr-jarallax-no wpr-parallax-no wpr-sticky-section-no e-con e-child\" data-id=\"0ee302b\" data-element_type=\"container\" data-e-type=\"container\">\n\t\t\t\t<div class=\"elementor-element elementor-element-ea61d0d elementor-widget elementor-widget-image\" data-id=\"ea61d0d\" data-element_type=\"widget\" data-e-type=\"widget\" data-widget_type=\"image.default\">\n\t\t\t\t<div class=\"elementor-widget-container\">\n\t\t\t\t\t\t\t\t\t\t\t\t\t\t\t<img fetchpriority=\"high\" decoding=\"async\" width=\"724\" height=\"1024\" src=\"https:\/\/larbrequipousse.org\/wp-content\/uploads\/2025\/04\/Saison-culturelle-en-tete-1-724x1024.png\" class=\"attachment-large size-large wp-image-5187\" alt=\"\" srcset=\"https:\/\/larbrequipousse.org\/wp-content\/uploads\/2025\/04\/Saison-culturelle-en-tete-1-724x1024.png 724w, https:\/\/larbrequipousse.org\/wp-content\/uploads\/2025\/04\/Saison-culturelle-en-tete-1-212x300.png 212w, https:\/\/larbrequipousse.org\/wp-content\/uploads\/2025\/04\/Saison-culturelle-en-tete-1-768x1086.png 768w, https:\/\/larbrequipousse.org\/wp-content\/uploads\/2025\/04\/Saison-culturelle-en-tete-1-1086x1536.png 1086w, https:\/\/larbrequipousse.org\/wp-content\/uploads\/2025\/04\/Saison-culturelle-en-tete-1-8x12.png 8w, https:\/\/larbrequipousse.org\/wp-content\/uploads\/2025\/04\/Saison-culturelle-en-tete-1.png 1414w\" sizes=\"(max-width: 724px) 100vw, 724px\" \/>\t\t\t\t\t\t\t\t\t\t\t\t\t\t\t<\/div>\n\t\t\t\t<\/div>\n\t\t\t\t<div class=\"elementor-element elementor-element-95aee11 elementor-align-center elementor-widget elementor-widget-button\" data-id=\"95aee11\" data-element_type=\"widget\" data-e-type=\"widget\" data-widget_type=\"button.default\">\n\t\t\t\t<div class=\"elementor-widget-container\">\n\t\t\t\t\t\t\t\t\t<div class=\"elementor-button-wrapper\">\n\t\t\t\t\t<a class=\"elementor-button elementor-button-link elementor-size-sm elementor-animation-grow\" href=\"https:\/\/larbrequipousse.org\/wp-content\/uploads\/2025\/04\/Saison-culturelle-contexte.pdf\" target=\"_blank\" download=\"\">\n\t\t\t\t\t\t<span class=\"elementor-button-content-wrapper\">\n\t\t\t\t\t\t\t\t\t<span class=\"elementor-button-text\">T\u00e9l\u00e9charger le dossier de pr\u00e9sentation<\/span>\n\t\t\t\t\t<\/span>\n\t\t\t\t\t<\/a>\n\t\t\t\t<\/div>\n\t\t\t\t\t\t\t\t<\/div>\n\t\t\t\t<\/div>\n\t\t<div class=\"elementor-element elementor-element-63c8206 e-con-full e-flex wpr-particle-no wpr-jarallax-no wpr-parallax-no wpr-sticky-section-no e-con e-child\" data-id=\"63c8206\" data-element_type=\"container\" data-e-type=\"container\">\n\t\t\t\t<\/div>\n\t\t\t\t<\/div>\n\t\t<div class=\"elementor-element elementor-element-2e0468a e-con-full e-flex wpr-particle-no wpr-jarallax-no wpr-parallax-no wpr-sticky-section-no e-con e-child\" data-id=\"2e0468a\" data-element_type=\"container\" data-e-type=\"container\">\n\t\t<div class=\"elementor-element elementor-element-613090a e-con-full e-flex wpr-particle-no wpr-jarallax-no wpr-parallax-no wpr-sticky-section-no e-con e-child\" data-id=\"613090a\" data-element_type=\"container\" data-e-type=\"container\">\n\t\t<div class=\"elementor-element elementor-element-d9e7562 e-con-full e-flex wpr-particle-no wpr-jarallax-no wpr-parallax-no wpr-sticky-section-no e-con e-child\" data-id=\"d9e7562\" data-element_type=\"container\" data-e-type=\"container\">\n\t\t<div class=\"elementor-element elementor-element-0e6fe3f e-flex e-con-boxed wpr-particle-no wpr-jarallax-no wpr-parallax-no wpr-sticky-section-no e-con e-child\" data-id=\"0e6fe3f\" data-element_type=\"container\" data-e-type=\"container\" data-settings=\"{&quot;background_background&quot;:&quot;classic&quot;}\">\n\t\t\t\t\t<div class=\"e-con-inner\">\n\t\t\t\t<div class=\"elementor-element elementor-element-96653a8 elementor-widget elementor-widget-image\" data-id=\"96653a8\" data-element_type=\"widget\" data-e-type=\"widget\" data-widget_type=\"image.default\">\n\t\t\t\t<div class=\"elementor-widget-container\">\n\t\t\t\t\t\t\t\t\t\t\t\t\t\t\t<img decoding=\"async\" width=\"300\" height=\"230\" src=\"https:\/\/larbrequipousse.org\/wp-content\/uploads\/2024\/03\/typeelementorsiteurlhttpslaurencedouchy.comwp-jsonelementsid9ae0c0belTypewidgetisInnerfalseisLockedfalsesettingswidthunitsize28sizesaligncentertextSeparateurweightunit-300x230.png\" class=\"attachment-medium size-medium wp-image-4417\" alt=\"\" srcset=\"https:\/\/larbrequipousse.org\/wp-content\/uploads\/2024\/03\/typeelementorsiteurlhttpslaurencedouchy.comwp-jsonelementsid9ae0c0belTypewidgetisInnerfalseisLockedfalsesettingswidthunitsize28sizesaligncentertextSeparateurweightunit-300x230.png 300w, https:\/\/larbrequipousse.org\/wp-content\/uploads\/2024\/03\/typeelementorsiteurlhttpslaurencedouchy.comwp-jsonelementsid9ae0c0belTypewidgetisInnerfalseisLockedfalsesettingswidthunitsize28sizesaligncentertextSeparateurweightunit-1024x785.png 1024w, https:\/\/larbrequipousse.org\/wp-content\/uploads\/2024\/03\/typeelementorsiteurlhttpslaurencedouchy.comwp-jsonelementsid9ae0c0belTypewidgetisInnerfalseisLockedfalsesettingswidthunitsize28sizesaligncentertextSeparateurweightunit-768x589.png 768w, https:\/\/larbrequipousse.org\/wp-content\/uploads\/2024\/03\/typeelementorsiteurlhttpslaurencedouchy.comwp-jsonelementsid9ae0c0belTypewidgetisInnerfalseisLockedfalsesettingswidthunitsize28sizesaligncentertextSeparateurweightunit-1536x1178.png 1536w, https:\/\/larbrequipousse.org\/wp-content\/uploads\/2024\/03\/typeelementorsiteurlhttpslaurencedouchy.comwp-jsonelementsid9ae0c0belTypewidgetisInnerfalseisLockedfalsesettingswidthunitsize28sizesaligncentertextSeparateurweightunit-2048x1570.png 2048w\" sizes=\"(max-width: 300px) 100vw, 300px\" \/>\t\t\t\t\t\t\t\t\t\t\t\t\t\t\t<\/div>\n\t\t\t\t<\/div>\n\t\t\t\t<div class=\"elementor-element elementor-element-318faec elementor-widget elementor-widget-text-editor\" data-id=\"318faec\" data-element_type=\"widget\" data-e-type=\"widget\" data-widget_type=\"text-editor.default\">\n\t\t\t\t<div class=\"elementor-widget-container\">\n\t\t\t\t\t\t\t\t\t<p><em><span style=\"font-weight: 400;\">\u201cNous imaginons un programme socio-culturel \u00e0 travers des <\/span><span style=\"font-weight: 400;\">\u00e9v\u00e9nements, des conf\u00e9rences et des festivit\u00e9s, pour toucher les <\/span><span style=\"font-weight: 400;\">c\u0153urs et inspirer&#8230; <br \/>Nous imaginons des po\u00e8tes et des artistes qui <\/span><span style=\"font-weight: 400;\">parlent du beau, plus que du mieux&#8230;<br \/>Nous imaginons des lieux <\/span><span style=\"font-weight: 400;\">d\u2019\u00e9mergence fleurir partout sur le globe, des gens mis en <\/span><span style=\"font-weight: 400;\">mouvement et en capacit\u00e9 par l\u2019exp\u00e9rience que nous faisons ici&#8230;<br \/><\/span><span style=\"font-weight: 400;\">Nous imaginons des r\u00e9seaux se tisser, des symposiums et des <\/span><span style=\"font-weight: 400;\">conf\u00e9rences partout sur la plan\u00e8te pour d\u00e9ployer ces mod\u00e8les\u2026\u201d<\/span><\/em><\/p>\t\t\t\t\t\t\t\t<\/div>\n\t\t\t\t<\/div>\n\t\t\t\t<div class=\"elementor-element elementor-element-1a25770 elementor-widget elementor-widget-text-editor\" data-id=\"1a25770\" data-element_type=\"widget\" data-e-type=\"widget\" data-widget_type=\"text-editor.default\">\n\t\t\t\t<div class=\"elementor-widget-container\">\n\t\t\t\t\t\t\t\t\t<p>Telles \u00e9taient les voix de l\u2019Arbre en 2023 dans son Manifeste d\u2019un Printemps. D\u00e8s ses d\u00e9buts, l&rsquo;Arbre avait \u00e0 c\u0153ur de d\u00e9ployer une programmation socio-culturelle. Conf\u00e9rences, spectacles, concerts, expositions&#8230; l&rsquo;Arbre et son \u00e9cosyst\u00e8me en r\u00eavent depuis le d\u00e9part ! En ce sens, l&rsquo;ann\u00e9e 2025, comme marquant les 5 ans du projet, tend \u00e0 cela.<\/p>\t\t\t\t\t\t\t\t<\/div>\n\t\t\t\t<\/div>\n\t\t\t\t<div class=\"elementor-element elementor-element-1fc56f3 elementor-widget elementor-widget-toggle\" data-id=\"1fc56f3\" data-element_type=\"widget\" data-e-type=\"widget\" data-widget_type=\"toggle.default\">\n\t\t\t\t<div class=\"elementor-widget-container\">\n\t\t\t\t\t\t\t<div class=\"elementor-toggle\">\n\t\t\t\t\t\t\t<div class=\"elementor-toggle-item\">\n\t\t\t\t\t<h5 id=\"elementor-tab-title-3331\" class=\"elementor-tab-title\" data-tab=\"1\" role=\"button\" aria-controls=\"elementor-tab-content-3331\" aria-expanded=\"false\">\n\t\t\t\t\t\t\t\t\t\t\t\t<span class=\"elementor-toggle-icon elementor-toggle-icon-right\" aria-hidden=\"true\">\n\t\t\t\t\t\t\t\t\t\t\t\t\t\t\t<span class=\"elementor-toggle-icon-closed\"><svg class=\"e-font-icon-svg e-fas-angle-down\" viewbox=\"0 0 320 512\" xmlns=\"http:\/\/www.w3.org\/2000\/svg\"><path d=\"M143 352.3L7 216.3c-9.4-9.4-9.4-24.6 0-33.9l22.6-22.6c9.4-9.4 24.6-9.4 33.9 0l96.4 96.4 96.4-96.4c9.4-9.4 24.6-9.4 33.9 0l22.6 22.6c9.4 9.4 9.4 24.6 0 33.9l-136 136c-9.2 9.4-24.4 9.4-33.8 0z\"><\/path><\/svg><\/span>\n\t\t\t\t\t\t\t\t<span class=\"elementor-toggle-icon-opened\"><svg class=\"elementor-toggle-icon-opened e-font-icon-svg e-fas-caret-up\" viewbox=\"0 0 320 512\" xmlns=\"http:\/\/www.w3.org\/2000\/svg\"><path d=\"M288.662 352H31.338c-17.818 0-26.741-21.543-14.142-34.142l128.662-128.662c7.81-7.81 20.474-7.81 28.284 0l128.662 128.662c12.6 12.599 3.676 34.142-14.142 34.142z\"><\/path><\/svg><\/span>\n\t\t\t\t\t\t\t\t\t\t\t\t\t<\/span>\n\t\t\t\t\t\t\t\t\t\t\t\t<a class=\"elementor-toggle-title\" tabindex=\"0\">Learn more<\/a>\n\t\t\t\t\t<\/h5>\n\n\t\t\t\t\t<div id=\"elementor-tab-content-3331\" class=\"elementor-tab-content elementor-clearfix\" data-tab=\"1\" role=\"region\" aria-labelledby=\"elementor-tab-title-3331\"><p><strong>Ici et maintenant :<br \/><\/strong><strong>Acc\u00e9l\u00e9ration du temps et invitation \u00e0 l&rsquo;ancrage. <\/strong><\/p><p>Alors que tout va plus vite, alors que nous r\u00eavons de voyages \u00e0 l\u2019autre bout du monde, que nous pensons \u00e0 un ailleurs, un futur plus ou moins proche ou un pass\u00e9 plus ou moins lointain\u2026 Laissons-nous porter et ancrons-nous avec ce que nous avons, o\u00f9 nous sommes et qui nous sommes.<\/p><p>Ici et maintenant : ralentir pour mieux se connecter Au travers de la th\u00e9matique \u201cici et maintenant\u201d nous voyagerons au pays des souvenirs, nous imaginerons des futurs diff\u00e9rents, toujours plus beaux, encore plus vibrants. Nous penserons \u00e0 hier, r\u00e9fl\u00e9chirons \u00e0 demain et, avant tout, nous nous connecterons \u00e0 ce monde actuel qui nous entoure ; nous tenterons de r\u00e9sonner et raisonner avec notre actualit\u00e9 spatiale et temporelle. Plut\u00f4t qu\u2019une injonction \u00e0 \u201cvivre l\u2019instant pr\u00e9sent\u201d cette th\u00e9matique nous propose de ralentir, de prendre notre temps et de se f\u00e9liciter pour le terreau riche, fiable et paisible que nous avons cr\u00e9\u00e9 ensemble.<\/p><p><strong>L&rsquo;Arbre qui Pousse : un ancrage dans le pr\u00e9sent et le futur<\/strong><\/p><p>Cette th\u00e9matique nous invite \u00e0 voyager, mais d\u2019abord dans notre imaginaire&#8230; gr\u00e2ce \u00e0 l\u2019art, gr\u00e2ce \u00e0 la culture. \u00c9chappons-nous un temps pour mieux revenir \u00e0 notre ici g\u00e9ographique et notre maintenant temporel. Ici, c\u2019est l\u2019Arbre qui Pousse, c\u2019est cet endroit foisonnant d\u2019activit\u00e9s, de personnes, d\u2019envies, de r\u00eaves, d\u2019espoirs. C&rsquo;est cette ferme du 18\u00e8me, patrimoine que nous honorons, lieu qui a \u00e9t\u00e9 choy\u00e9, chamboul\u00e9, transform\u00e9, pour continuer \u00e0 \u00eatre ce qu\u2019il est aujourd\u2019hui : lien de convergence. C&rsquo;est cet Arbre qui met des ann\u00e9es \u00e0 pousser mais qui rayonne et inspire d\u00e9j\u00e0. Puis, maintenant, c\u2019est un pr\u00e9sent fa\u00e7onn\u00e9 par nos r\u00eaves du pass\u00e9, c\u2019est un pr\u00e9sent qui aspire \u00e0 un avenir meilleur mais qui est d\u00e9j\u00e0 si fier de ce qu\u2019il est. Observons nos utopies du pass\u00e9, \u00eatre, vivre et s\u2019\u00e9panouir.<br \/>Accordons-nous le droit de r\u00eaver tout en \u00e9tant pleinement pr\u00e9sent.e.s dans cet ici et maintenant !<\/p><\/div>\n\t\t\t\t<\/div>\n\t\t\t\t\t\t\t\t<\/div>\n\t\t\t\t\t\t<\/div>\n\t\t\t\t<\/div>\n\t\t\t\t\t<\/div>\n\t\t\t\t<\/div>\n\t\t\t\t<\/div>\n\t\t\t\t<\/div>\n\t\t\t\t<\/div>\n\t\t\t\t<\/div>\n\t\t\t\t\t<\/div>\n\t\t\t\t<\/div>\n\t\t<div class=\"elementor-element elementor-element-c7d8623 e-flex e-con-boxed wpr-particle-no wpr-jarallax-no wpr-parallax-no wpr-sticky-section-no e-con e-parent\" data-id=\"c7d8623\" data-element_type=\"container\" data-e-type=\"container\">\n\t\t\t\t\t<div class=\"e-con-inner\">\n\t\t\t\t<div class=\"elementor-element elementor-element-a05b8ea elementor-widget elementor-widget-image\" data-id=\"a05b8ea\" data-element_type=\"widget\" data-e-type=\"widget\" data-widget_type=\"image.default\">\n\t\t\t\t<div class=\"elementor-widget-container\">\n\t\t\t\t\t\t\t\t\t\t\t\t\t\t\t<img decoding=\"async\" width=\"300\" height=\"300\" src=\"https:\/\/larbrequipousse.org\/wp-content\/uploads\/2025\/04\/Design-sans-titre-300x300.png\" class=\"attachment-medium size-medium wp-image-5210\" alt=\"\" srcset=\"https:\/\/larbrequipousse.org\/wp-content\/uploads\/2025\/04\/Design-sans-titre-300x300.png 300w, https:\/\/larbrequipousse.org\/wp-content\/uploads\/2025\/04\/Design-sans-titre-1024x1024.png 1024w, https:\/\/larbrequipousse.org\/wp-content\/uploads\/2025\/04\/Design-sans-titre-150x150.png 150w, https:\/\/larbrequipousse.org\/wp-content\/uploads\/2025\/04\/Design-sans-titre-768x768.png 768w, https:\/\/larbrequipousse.org\/wp-content\/uploads\/2025\/04\/Design-sans-titre-500x500.png 500w, https:\/\/larbrequipousse.org\/wp-content\/uploads\/2025\/04\/Design-sans-titre-12x12.png 12w, https:\/\/larbrequipousse.org\/wp-content\/uploads\/2025\/04\/Design-sans-titre.png 1080w\" sizes=\"(max-width: 300px) 100vw, 300px\" \/>\t\t\t\t\t\t\t\t\t\t\t\t\t\t\t<\/div>\n\t\t\t\t<\/div>\n\t\t\t\t\t<\/div>\n\t\t\t\t<\/div>\n\t\t<div class=\"elementor-element elementor-element-84e617c e-flex e-con-boxed wpr-particle-no wpr-jarallax-no wpr-parallax-no wpr-sticky-section-no e-con e-parent\" data-id=\"84e617c\" data-element_type=\"container\" data-e-type=\"container\">\n\t\t\t\t\t<div class=\"e-con-inner\">\n\t\t<div class=\"elementor-element elementor-element-810bfa1 e-con-full e-flex wpr-particle-no wpr-jarallax-no wpr-parallax-no wpr-sticky-section-no e-con e-child\" data-id=\"810bfa1\" data-element_type=\"container\" data-e-type=\"container\">\n\t\t\t\t<div class=\"elementor-element elementor-element-64a0d18 elementor-widget elementor-widget-heading\" data-id=\"64a0d18\" data-element_type=\"widget\" data-e-type=\"widget\" data-widget_type=\"heading.default\">\n\t\t\t\t<div class=\"elementor-widget-container\">\n\t\t\t\t\t<h2 class=\"elementor-heading-title elementor-size-default\">Programmation 2025 :<\/h2>\t\t\t\t<\/div>\n\t\t\t\t<\/div>\n\t\t\t\t<\/div>\n\t\t\t\t\t<\/div>\n\t\t\t\t<\/div>\n\t\t<div class=\"elementor-element elementor-element-239cbae e-flex e-con-boxed wpr-particle-no wpr-jarallax-no wpr-parallax-no wpr-sticky-section-no e-con e-parent\" data-id=\"239cbae\" data-element_type=\"container\" data-e-type=\"container\">\n\t\t\t\t\t<div class=\"e-con-inner\">\n\t\t\t\t<div class=\"elementor-element elementor-element-e119afe elementor-widget elementor-widget-shortcode\" data-id=\"e119afe\" data-element_type=\"widget\" data-e-type=\"widget\" data-widget_type=\"shortcode.default\">\n\t\t\t\t<div class=\"elementor-widget-container\">\n\t\t\t\t\t\t\t<div class=\"elementor-shortcode\"><div class=\"mec-wrap mec-skin-list-container\" id=\"mec_skin_5198\">\r\n\r\n    \r\n        <div class=\"mec-skin-list-events-container\" id=\"mec_skin_events_5198\">\r\n        No event found!    <\/div>\r\n    \r\n    \r\n<\/div>\r\n\n<\/div>\n\t\t\t\t\t\t<\/div>\n\t\t\t\t<\/div>\n\t\t\t\t\t<\/div>\n\t\t\t\t<\/div>\n\t\t\t\t<\/div>","protected":false},"excerpt":{"rendered":"<p>Saison Culturelle 2025 Saison Culturelle 2025 T\u00e9l\u00e9charger le dossier de pr\u00e9sentation \u201cNous imaginons un programme socio-culturel \u00e0 travers des \u00e9v\u00e9nements, des conf\u00e9rences et des festivit\u00e9s, pour toucher les c\u0153urs et inspirer&#8230; Nous imaginons des po\u00e8tes et des artistes qui parlent du beau, plus que du mieux&#8230;Nous imaginons des lieux d\u2019\u00e9mergence fleurir partout sur le globe, des gens mis en mouvement et en capacit\u00e9 par l\u2019exp\u00e9rience que nous faisons ici&#8230;Nous imaginons des r\u00e9seaux se tisser, des symposiums et des conf\u00e9rences partout sur la plan\u00e8te pour d\u00e9ployer ces mod\u00e8les\u2026\u201d Telles \u00e9taient les voix de l\u2019Arbre en 2023 dans son Manifeste d\u2019un Printemps. D\u00e8s ses d\u00e9buts, l&rsquo;Arbre avait \u00e0 c\u0153ur de d\u00e9ployer une programmation socio-culturelle. Conf\u00e9rences, spectacles, concerts, expositions&#8230; l&rsquo;Arbre et son \u00e9cosyst\u00e8me en r\u00eavent depuis le d\u00e9part ! En ce sens, l&rsquo;ann\u00e9e 2025, comme marquant les 5 ans du projet, tend \u00e0 cela. En savoir plus Ici et maintenant :Acc\u00e9l\u00e9ration du temps et invitation \u00e0 l&rsquo;ancrage. Alors que tout va plus vite, alors que nous r\u00eavons de voyages \u00e0 l\u2019autre bout du monde, que nous pensons \u00e0 un ailleurs, un futur plus ou moins proche ou un pass\u00e9 plus ou moins lointain\u2026 Laissons-nous porter et ancrons-nous avec ce que nous avons, o\u00f9 nous sommes et qui nous sommes. Ici et maintenant : ralentir pour mieux se connecter Au travers de la th\u00e9matique \u201cici et maintenant\u201d nous voyagerons au pays des souvenirs, nous imaginerons des futurs diff\u00e9rents, toujours plus beaux, encore plus vibrants. Nous penserons \u00e0 hier, r\u00e9fl\u00e9chirons \u00e0 demain et, avant tout, nous nous connecterons \u00e0 ce monde actuel qui nous entoure ; nous tenterons de r\u00e9sonner et raisonner avec notre actualit\u00e9 spatiale et temporelle. Plut\u00f4t qu\u2019une injonction \u00e0 \u201cvivre l\u2019instant pr\u00e9sent\u201d cette th\u00e9matique nous propose de ralentir, de prendre notre temps et de se f\u00e9liciter pour le terreau riche, fiable et paisible que nous avons cr\u00e9\u00e9 ensemble. L&rsquo;Arbre qui Pousse : un ancrage dans le pr\u00e9sent et le futur Cette th\u00e9matique nous invite \u00e0 voyager, mais d\u2019abord dans notre imaginaire&#8230; gr\u00e2ce \u00e0 l\u2019art, gr\u00e2ce \u00e0 la culture. \u00c9chappons-nous un temps pour mieux revenir \u00e0 notre ici g\u00e9ographique et notre maintenant temporel. Ici, c\u2019est l\u2019Arbre qui Pousse, c\u2019est cet endroit foisonnant d\u2019activit\u00e9s, de personnes, d\u2019envies, de r\u00eaves, d\u2019espoirs. C&rsquo;est cette ferme du 18\u00e8me, patrimoine que nous honorons, lieu qui a \u00e9t\u00e9 choy\u00e9, chamboul\u00e9, transform\u00e9, pour continuer \u00e0 \u00eatre ce qu\u2019il est aujourd\u2019hui : lien de convergence. C&rsquo;est cet Arbre qui met des ann\u00e9es \u00e0 pousser mais qui rayonne et inspire d\u00e9j\u00e0. Puis, maintenant, c\u2019est un pr\u00e9sent fa\u00e7onn\u00e9 par nos r\u00eaves du pass\u00e9, c\u2019est un pr\u00e9sent qui aspire \u00e0 un avenir meilleur mais qui est d\u00e9j\u00e0 si fier de ce qu\u2019il est. Observons nos utopies du pass\u00e9, \u00eatre, vivre et s\u2019\u00e9panouir.Accordons-nous le droit de r\u00eaver tout en \u00e9tant pleinement pr\u00e9sent.e.s dans cet ici et maintenant ! Programmation 2025 :<\/p>","protected":false},"author":1,"featured_media":0,"parent":0,"menu_order":0,"comment_status":"closed","ping_status":"closed","template":"","meta":{"site-sidebar-layout":"no-sidebar","site-content-layout":"","ast-site-content-layout":"full-width-container","site-content-style":"default","site-sidebar-style":"default","ast-global-header-display":"","ast-banner-title-visibility":"","ast-main-header-display":"","ast-hfb-above-header-display":"","ast-hfb-below-header-display":"","ast-hfb-mobile-header-display":"","site-post-title":"disabled","ast-breadcrumbs-content":"","ast-featured-img":"disabled","footer-sml-layout":"","ast-disable-related-posts":"","theme-transparent-header-meta":"","adv-header-id-meta":"","stick-header-meta":"","header-above-stick-meta":"","header-main-stick-meta":"","header-below-stick-meta":"","astra-migrate-meta-layouts":"default","ast-page-background-enabled":"default","ast-page-background-meta":{"desktop":{"background-color":"var(--ast-global-color-4)","background-image":"","background-repeat":"repeat","background-position":"center center","background-size":"auto","background-attachment":"scroll","background-type":"","background-media":"","overlay-type":"","overlay-color":"","overlay-opacity":"","overlay-gradient":""},"tablet":{"background-color":"","background-image":"","background-repeat":"repeat","background-position":"center center","background-size":"auto","background-attachment":"scroll","background-type":"","background-media":"","overlay-type":"","overlay-color":"","overlay-opacity":"","overlay-gradient":""},"mobile":{"background-color":"","background-image":"","background-repeat":"repeat","background-position":"center center","background-size":"auto","background-attachment":"scroll","background-type":"","background-media":"","overlay-type":"","overlay-color":"","overlay-opacity":"","overlay-gradient":""}},"ast-content-background-meta":{"desktop":{"background-color":"var(--ast-global-color-5)","background-image":"","background-repeat":"repeat","background-position":"center center","background-size":"auto","background-attachment":"scroll","background-type":"","background-media":"","overlay-type":"","overlay-color":"","overlay-opacity":"","overlay-gradient":""},"tablet":{"background-color":"var(--ast-global-color-5)","background-image":"","background-repeat":"repeat","background-position":"center center","background-size":"auto","background-attachment":"scroll","background-type":"","background-media":"","overlay-type":"","overlay-color":"","overlay-opacity":"","overlay-gradient":""},"mobile":{"background-color":"var(--ast-global-color-5)","background-image":"","background-repeat":"repeat","background-position":"center center","background-size":"auto","background-attachment":"scroll","background-type":"","background-media":"","overlay-type":"","overlay-color":"","overlay-opacity":"","overlay-gradient":""}},"footnotes":""},"class_list":["post-5184","page","type-page","status-publish","hentry"],"_links":{"self":[{"href":"https:\/\/larbrequipousse.org\/en\/wp-json\/wp\/v2\/pages\/5184","targetHints":{"allow":["GET"]}}],"collection":[{"href":"https:\/\/larbrequipousse.org\/en\/wp-json\/wp\/v2\/pages"}],"about":[{"href":"https:\/\/larbrequipousse.org\/en\/wp-json\/wp\/v2\/types\/page"}],"author":[{"embeddable":true,"href":"https:\/\/larbrequipousse.org\/en\/wp-json\/wp\/v2\/users\/1"}],"replies":[{"embeddable":true,"href":"https:\/\/larbrequipousse.org\/en\/wp-json\/wp\/v2\/comments?post=5184"}],"version-history":[{"count":16,"href":"https:\/\/larbrequipousse.org\/en\/wp-json\/wp\/v2\/pages\/5184\/revisions"}],"predecessor-version":[{"id":5318,"href":"https:\/\/larbrequipousse.org\/en\/wp-json\/wp\/v2\/pages\/5184\/revisions\/5318"}],"wp:attachment":[{"href":"https:\/\/larbrequipousse.org\/en\/wp-json\/wp\/v2\/media?parent=5184"}],"curies":[{"name":"wp","href":"https:\/\/api.w.org\/{rel}","templated":true}]}}